{"id":69,"date":"2021-07-26T23:35:18","date_gmt":"2021-07-27T02:35:18","guid":{"rendered":"http:\/\/sarettiadv.com\/?page_id=69"},"modified":"2025-12-10T19:06:38","modified_gmt":"2025-12-10T22:06:38","slug":"areas-de-atuacao","status":"publish","type":"page","link":"http:\/\/sarettiadv.com\/index.php\/areas-de-atuacao\/","title":{"rendered":"\u00c1reas de Atua\u00e7\u00e3o"},"content":{"rendered":"\n\n","protected":false},"excerpt":{"rendered":"","protected":false},"author":1,"featured_media":0,"parent":0,"menu_order":0,"comment_status":"closed","ping_status":"closed","template":"full-width","meta":{"saved_in_kubio":true,"_monsterinsights_skip_tracking":false,"_monsterinsights_sitenote_active":false,"_monsterinsights_sitenote_note":"","_monsterinsights_sitenote_category":0,"footnotes":""},"class_list":["post-69","page","type-page","status-publish","hentry"],"aioseo_notices":[],"kubio_ai_page_context":{"short_desc":"","purpose":"general"},"_links":{"self":[{"href":"http:\/\/sarettiadv.com\/index.php\/wp-json\/wp\/v2\/pages\/69","targetHints":{"allow":["GET"]}}],"collection":[{"href":"http:\/\/sarettiadv.com\/index.php\/wp-json\/wp\/v2\/pages"}],"about":[{"href":"http:\/\/sarettiadv.com\/index.php\/wp-json\/wp\/v2\/types\/page"}],"author":[{"embeddable":true,"href":"http:\/\/sarettiadv.com\/index.php\/wp-json\/wp\/v2\/users\/1"}],"replies":[{"embeddable":true,"href":"http:\/\/sarettiadv.com\/index.php\/wp-json\/wp\/v2\/comments?post=69"}],"version-history":[{"count":29,"href":"http:\/\/sarettiadv.com\/index.php\/wp-json\/wp\/v2\/pages\/69\/revisions"}],"predecessor-version":[{"id":594,"href":"http:\/\/sarettiadv.com\/index.php\/wp-json\/wp\/v2\/pages\/69\/revisions\/594"}],"wp:attachment":[{"href":"http:\/\/sarettiadv.com\/index.php\/wp-json\/wp\/v2\/media?parent=69"}],"curies":[{"name":"wp","href":"https:\/\/api.w.org\/{rel}","templated":true}]}}